{"id":17,"date":"2024-08-28T18:04:00","date_gmt":"2024-08-28T18:04:00","guid":{"rendered":"https:\/\/rayocredit.com\/co\/?page_id=17"},"modified":"2026-04-20T12:13:41","modified_gmt":"2026-04-20T17:13:41","slug":"rayo-prestamos","status":"publish","type":"page","link":"https:\/\/rayocredit.com\/co\/","title":{"rendered":"Pr\u00e9stamos personales en l\u00ednea"},"content":{"rendered":"","protected":false},"excerpt":{"rendered":"<p>Tu cupo de cr\u00e9dito rotativo, 100% en l\u00ednea<br \/>\nFlexible, disponible y f\u00e1cil de usar.<\/p>\n","protected":false},"author":1,"featured_media":0,"parent":0,"menu_order":0,"comment_status":"closed","ping_status":"closed","template":"","meta":{"_acf_changed":false,"footnotes":""},"class_list":["post-17","page","type-page","status-publish","hentry"],"acf":[],"_links":{"self":[{"href":"https:\/\/rayocredit.com\/co\/wp-json\/wp\/v2\/pages\/17","targetHints":{"allow":["GET"]}}],"collection":[{"href":"https:\/\/rayocredit.com\/co\/wp-json\/wp\/v2\/pages"}],"about":[{"href":"https:\/\/rayocredit.com\/co\/wp-json\/wp\/v2\/types\/page"}],"author":[{"embeddable":true,"href":"https:\/\/rayocredit.com\/co\/wp-json\/wp\/v2\/users\/1"}],"replies":[{"embeddable":true,"href":"https:\/\/rayocredit.com\/co\/wp-json\/wp\/v2\/comments?post=17"}],"version-history":[{"count":71,"href":"https:\/\/rayocredit.com\/co\/wp-json\/wp\/v2\/pages\/17\/revisions"}],"predecessor-version":[{"id":2477,"href":"https:\/\/rayocredit.com\/co\/wp-json\/wp\/v2\/pages\/17\/revisions\/2477"}],"wp:attachment":[{"href":"https:\/\/rayocredit.com\/co\/wp-json\/wp\/v2\/media?parent=17"}],"curies":[{"name":"wp","href":"https:\/\/api.w.org\/{rel}","templated":true}]}}