{"id":556,"date":"2024-10-22T17:55:12","date_gmt":"2024-10-22T17:55:12","guid":{"rendered":"https:\/\/rayocredit.com\/co\/?page_id=556"},"modified":"2024-12-11T13:54:24","modified_gmt":"2024-12-11T19:54:24","slug":"testimonios","status":"publish","type":"page","link":"https:\/\/rayocredit.com\/co\/testimonios\/","title":{"rendered":"Testimonios"},"content":{"rendered":"<h2 class=\"wp-block-heading\">Selling Point 1<\/h2>\n\nActualmente, contamos con decenas de miles de usuarios satisfechos, que utilizan nuestros servicios para satisfacer sus necesidades econ\u00f3micas de corto plazo.&nbsp;\n\n<figure class=\"wp-block-image size-full\"><img decoding=\"async\" src=\"http:\/\/rayocredit.com\/co\/wp-content\/uploads\/sites\/7\/2024\/08\/Horizontal-Small.svg\" class=\"wp-image-29\" alt=\"\" title=\"\"><\/figure>\n\n<h1 class=\"wp-block-heading\">Write a compelling headline that sells<\/h1>\n\nRAYO es una empresa con presencia en varios pa\u00edses de Latinoam\u00e9rica, \u00fanica en su tipo, fundada en el 2013 por los hermanos Arce, que reconocieron la necesidad de muchas personas, de recibir ayuda financiera v\u00eda mini pr\u00e9stamos pagaderos a 45 d\u00edas m\u00e1ximo, de forma f\u00e1cil, sin papeleo, y que no desean tener deudas a largo plazo.&nbsp;\n\n<div class=\"wp-block-buttons is-layout-flex wp-block-buttons-is-layout-flex\"><div class=\"wp-block-button\"><a class=\"wp-block-button__link\">Call to action<\/a><\/div><\/div>\n\n<h2 class=\"wp-block-heading\">Selling Point 3<\/h2>\n\nNuestro inter\u00e9s principal es ayudarte cuando nos requieras y que siempre tengas plata todo el a\u00f1o \u00a1No queremos que tengas deudas que sigas pagando 5 a\u00f1os despu\u00e9s!\n\n<h2 class=\"wp-block-heading\">Selling Point 2<\/h2>\n\nRayo te sirve adem\u00e1s como puerta de entrada al sistema financiero tradicional, adem\u00e1s en solo 10 minutos realizas el proceso y te depositamos en 24 horas m\u00e1ximo.\n\n<div class=\"wp-block-buttons is-layout-flex wp-block-buttons-is-layout-flex\"><div class=\"wp-block-button\"><a class=\"wp-block-button__link\">Primary action<\/a><\/div><\/div>\n\nSecondary action\n\n<figure class=\"wp-block-image size-full\"><img decoding=\"async\" width=\"100\" height=\"100\" src=\"https:\/\/rayocredit.com\/co\/wp-content\/uploads\/sites\/7\/2024\/08\/testimonio-manicurista.webp\" class=\"wp-image-105\" alt=\"\" title=\"\"><\/figure>\n\nRAYO me ofreci\u00f3 el servicio \u00fanico de mini <a href=\"https:\/\/rayocredit.com\/co\/prestamos-en-linea\/prestamos-rapidos\/\"  data-wpil-monitor-id=\"35\">pr\u00e9stamos r\u00e1pidos<\/a> y con su sistema de pago en 15 o 30 d\u00edas, no pido m\u00e1s de lo que puedo pagar y salgo del compromiso r\u00e1pido. Me ha funcionado perfectamente.\n\nJ.P. Manicurista\n\n<figure class=\"wp-block-image size-full\"><img decoding=\"async\" width=\"100\" height=\"100\" src=\"https:\/\/rayocredit.com\/co\/wp-content\/uploads\/sites\/7\/2024\/08\/testimonio-mensajero.webp\" class=\"wp-image-103\" alt=\"\" title=\"\"><\/figure>\n\nThis is just placeholder text. Don\u2019t be alarmed, this is just here to fill up space since your finalized copy isn\u2019t ready yet. Once we have your content finalized, we\u2019ll replace this placeholder text with your real content.\n\nM.P. Mensajero\n\n<figure class=\"wp-block-image size-full\"><img decoding=\"async\" width=\"100\" height=\"100\" src=\"https:\/\/rayocredit.com\/co\/wp-content\/uploads\/sites\/7\/2024\/08\/testimonio-profesora.webp\" class=\"wp-image-102\" alt=\"\" title=\"\"><\/figure>\n\nSon una entidad muy seria y responsable, que no juega con la necesidad ajena. Mil gracias por aceptarme en esta familia, me siento muy honrada. Solo me resta darle mil y mil agradecimientos.\n\nN.M. Profesora\n\n<figure class=\"wp-block-image size-full\"><img decoding=\"async\" width=\"100\" height=\"100\" src=\"https:\/\/rayocredit.com\/co\/wp-content\/uploads\/sites\/7\/2024\/08\/testimonio-carpintero.webp\" class=\"wp-image-107\" alt=\"\" title=\"\"><\/figure>\n\nExcelente servicio, lo recomendar\u00e9 a muchos, Rayo s\u00ed cumple y no pide dinero por adelantado, quede muy satisfecho con su servicio simple y eficaz. \u00a1Ya soy miembro Super Amigo! Recomendados 100%\n\nJ.M. Agente de Call Center\n\n<figure class=\"wp-block-image size-full\"><img decoding=\"async\" width=\"100\" height=\"100\" src=\"https:\/\/rayocredit.com\/co\/wp-content\/uploads\/sites\/7\/2024\/08\/testimonio-mecanico.webp\" class=\"wp-image-104\" alt=\"\" title=\"\"><\/figure>\n\n\u00a1Son muy buenos, rapidez en el tr\u00e1mite, cumplen con los tiempos que ofrecen para los dep\u00f3sitos, te consienten como cliente, en resumen son una excelente opci\u00f3n de <em>emergency cash<\/em>!\n\nD.A. Mec\u00e1nico\n\n<figure class=\"wp-block-image size-thumbnail\"><img decoding=\"async\" width=\"150\" height=\"150\" src=\"https:\/\/rayocredit.com\/co\/wp-content\/uploads\/sites\/7\/2024\/08\/rayero-6-150x150.webp\" class=\"wp-image-89\" alt=\"\" title=\"\" srcset=\"https:\/\/rayocredit.com\/co\/wp-content\/uploads\/sites\/7\/2024\/08\/rayero-6-150x150.webp 150w, https:\/\/rayocredit.com\/co\/wp-content\/uploads\/sites\/7\/2024\/08\/rayero-6.webp 232w\" sizes=\"(max-width: 150px) 100vw, 150px\" \/><\/figure>\n\nMuy contento con la atenci\u00f3n y la estrategia es excelente. Es una segunda oportunidad para muchos de corregir nuestro <a href=\"https:\/\/rayocredit.com\/co\/noticias\/como-mejorar-el-historial-crediticio-en-mexico\/\"  data-wpil-monitor-id=\"12\">historial crediticio<\/a>.\n\nC.Z. Cajero\n\n<h2 class=\"wp-block-heading\">Testimonios<\/h2>\n\n<p>This is just placeholder text. Don\u2019t be alarmed, this is just here to fill up space since your finalized copy isn\u2019t ready yet. Once we have your content finalized, we\u2019ll replace this placeholder text with your real content.<\/p><p>Sometimes it\u2019s nice to put in text just to get an idea of how text will fill in a space on your website.<\/p>\n\n<figure class=\"wp-block-image size-full\"><img decoding=\"async\" src=\"http:\/\/rayocredit.com\/co\/wp-content\/uploads\/sites\/7\/2024\/08\/logoipsum-logo-8.svg\" class=\"wp-image-32\" alt=\"\" title=\"\"><\/figure>\n\n<figure class=\"wp-block-image size-full\"><img decoding=\"async\" src=\"http:\/\/rayocredit.com\/co\/wp-content\/uploads\/sites\/7\/2024\/08\/logoipsum-logo-8.svg\" class=\"wp-image-32\" alt=\"\" title=\"\"><\/figure>\n\n<figure class=\"wp-block-image size-full\"><img decoding=\"async\" src=\"http:\/\/rayocredit.com\/co\/wp-content\/uploads\/sites\/7\/2024\/08\/logoipsum-logo-8.svg\" class=\"wp-image-32\" alt=\"\" title=\"\"><\/figure>\n\n<figure class=\"wp-block-image size-full\"><img decoding=\"async\" src=\"http:\/\/rayocredit.com\/co\/wp-content\/uploads\/sites\/7\/2024\/08\/logoipsum-logo-8.svg\" class=\"wp-image-32\" alt=\"\" title=\"\"><\/figure>\n\n<figure class=\"wp-block-image size-full\"><img decoding=\"async\" src=\"http:\/\/rayocredit.com\/co\/wp-content\/uploads\/sites\/7\/2024\/08\/logoipsum-logo-8.svg\" class=\"wp-image-32\" alt=\"\" title=\"\"><\/figure>\n\nSometimes it\u2019s nice to put in filler text.\n\nAccent heading\n\nSee all reviews\n\n2012\n\n<h3 class=\"wp-block-heading\">Tres Hermanos<\/h3>\n\nIdean un modelo de negocio fintech\n\n2015\n\n<h3 class=\"wp-block-heading\">Rayo cresce como empresa<\/h3>\n\nIngresa un nuevo socio<br>Completa 15 colaboradores<br>Realiza 15 mil prestamos\n\n2014\n\n<h3 class=\"wp-block-heading\">Primera apretura<\/h3>\n\nOficina en Costa Rica con dos colaboradores.\n\nAccent heading\n\n<h2 class=\"wp-block-heading\">Conoce Nuestra Historia<\/h2>\n\nLorem ipsum dolor sit amet, consectetur adipiscing elit, sed do eiusmod tempor incididunt ut labore et dolore magna aliqua.\n\n<h2 class=\"wp-block-heading\">This is just a placeholder headline, we will replace it once your website copy is finalized<\/h2>\n\naccent heading\n\n<p>This is just placeholder text. Don\u2019t be alarmed, this is just here to fill up space since your finalized copy isn\u2019t ready yet. Once we have your content finalized, we\u2019ll replace this placeholder text with your real content.<\/p><p>Sometimes it\u2019s nice to put in text just to get an idea of how text will fill in a space on your website.<\/p><p>Traditionally our industry has used Lorem Ipsum, which is placeholder text written in Latin. Unfortunately, not everyone is familiar with Lorem Ipsum and that can lead to confusion. I can\u2019t tell you how many times clients have asked me why their website is in another language!<\/p>\n\n<div class=\"wp-block-buttons is-layout-flex wp-block-buttons-is-layout-flex\"><div class=\"wp-block-button\"><a class=\"wp-block-button__link\">Call to action<\/a><\/div><\/div>\n\n<figure class=\"wp-block-image size-full\"><img decoding=\"async\" width=\"404\" height=\"269\" src=\"https:\/\/rayocredit.com\/co\/wp-content\/uploads\/sites\/7\/2024\/08\/super-amigo.webp\" class=\"wp-image-109\" alt=\"\" title=\"\" srcset=\"https:\/\/rayocredit.com\/co\/wp-content\/uploads\/sites\/7\/2024\/08\/super-amigo.webp 404w, https:\/\/rayocredit.com\/co\/wp-content\/uploads\/sites\/7\/2024\/08\/super-amigo-300x200.webp 300w\" sizes=\"(max-width: 404px) 100vw, 404px\" \/><\/figure>\n\n<figure class=\"wp-block-image size-full\"><img decoding=\"async\" width=\"404\" height=\"269\" src=\"https:\/\/rayocredit.com\/co\/wp-content\/uploads\/sites\/7\/2024\/08\/mejor-amigo.webp\" class=\"wp-image-98\" alt=\"\" title=\"\" srcset=\"https:\/\/rayocredit.com\/co\/wp-content\/uploads\/sites\/7\/2024\/08\/mejor-amigo.webp 404w, https:\/\/rayocredit.com\/co\/wp-content\/uploads\/sites\/7\/2024\/08\/mejor-amigo-300x200.webp 300w\" sizes=\"(max-width: 404px) 100vw, 404px\" \/><\/figure>\n\n<h3 class=\"wp-block-heading\">{post_title}<\/h3>\n\n123 West Atlanta Street<br>Atlanta, GA 12345\n\n(123) 456-7890\n\n<figure class=\"wp-block-image size-full\"><img decoding=\"async\" src=\"https:\/\/rayocredit.com\/co\/wp-content\/uploads\/sites\/7\/2024\/08\/Horizontal-Small.svg\" class=\"wp-image-29\" alt=\"\" title=\"\"><\/figure>\n\n\n\n<h2 class=\"wp-block-heading\">Rayo Global<\/h2>\n\n<div>Somos la m\u00e1s amigable, innovadora y eficaz plataforma de <a href=\"https:\/\/rayocredit.com\/co\/noticias\/prestamos-personales-sin-buro-tu-solucion-financiera-confiables\/\"  data-wpil-monitor-id=\"27\">pr\u00e9stamos personales<\/a> de la regi\u00f3n.<\/div><div>\n<\/div>\n\n<div class=\"wp-block-buttons is-layout-flex wp-block-buttons-is-layout-flex\"><div class=\"wp-block-button\"><a class=\"wp-block-button__link\">Call to action<\/a><\/div><\/div>\n\non Google\n\non Yelp\n\n<h3 class=\"wp-block-heading\">Rayo se consolida<\/h3>\n\n2018\n\nIngrese un nuevo socio<br>Completa 15 colaboradores<br>Realiza 15 mil prestamos\n\n<h3 class=\"wp-block-heading\">Nuevos horisontes<\/h3>\n\n2019\n\nRayo hace apretura de su oficina en Colombia\n\n<h3 class=\"wp-block-heading\">Rayo Multinacional<\/h3>\n\n2023\n\nRayo hace apretura de su oficina en Colombia","protected":false},"excerpt":{"rendered":"<p>Selling Point 1 Actualmente, contamos con decenas de miles de usuarios satisfechos, que utilizan nuestros servicios para satisfacer sus necesidades econ\u00f3micas de corto plazo.&nbsp; Write a compelling headline that sells RAYO es una empresa con presencia en varios pa\u00edses de Latinoam\u00e9rica, \u00fanica en su tipo, fundada en el 2013 por los hermanos Arce, que reconocieron [&hellip;]<\/p>\n","protected":false},"author":4,"featured_media":0,"parent":0,"menu_order":0,"comment_status":"closed","ping_status":"closed","template":"","meta":{"_acf_changed":false,"footnotes":""},"class_list":["post-556","page","type-page","status-publish","hentry"],"acf":[],"_links":{"self":[{"href":"https:\/\/rayocredit.com\/co\/wp-json\/wp\/v2\/pages\/556","targetHints":{"allow":["GET"]}}],"collection":[{"href":"https:\/\/rayocredit.com\/co\/wp-json\/wp\/v2\/pages"}],"about":[{"href":"https:\/\/rayocredit.com\/co\/wp-json\/wp\/v2\/types\/page"}],"author":[{"embeddable":true,"href":"https:\/\/rayocredit.com\/co\/wp-json\/wp\/v2\/users\/4"}],"replies":[{"embeddable":true,"href":"https:\/\/rayocredit.com\/co\/wp-json\/wp\/v2\/comments?post=556"}],"version-history":[{"count":0,"href":"https:\/\/rayocredit.com\/co\/wp-json\/wp\/v2\/pages\/556\/revisions"}],"wp:attachment":[{"href":"https:\/\/rayocredit.com\/co\/wp-json\/wp\/v2\/media?parent=556"}],"curies":[{"name":"wp","href":"https:\/\/api.w.org\/{rel}","templated":true}]}}