{"id":3,"date":"2024-08-28T16:16:42","date_gmt":"2024-08-28T16:16:42","guid":{"rendered":"https:\/\/rayocredit.com\/mx\/?page_id=3"},"modified":"2024-12-11T13:55:34","modified_gmt":"2024-12-11T19:55:34","slug":"politica-de-tratamiento-de-datos-rayo-mexico","status":"publish","type":"page","link":"https:\/\/rayocredit.com\/mx\/politica-de-tratamiento-de-datos-rayo-mexico\/","title":{"rendered":"Pol\u00edtica de Tratamiento de Datos Rayo M\u00e9xico"},"content":{"rendered":"\n<h2 class=\"wp-block-heading\">Aviso de Privacidad Integral para clientes y usuarios de Rayocr M\u00e9xico, S.A. de C.V.<\/h2>\n\n\n\n<p>En virtud de lo dispuesto por la Ley Federal de Protecci\u00f3n de Datos Personales en Posesi\u00f3n de Particulares (LFPDPPP), su Reglamento, los Lineamientos del Aviso de Privacidad y las dem\u00e1s Disposiciones aplicables (en adelante denominados conjuntamente como la \u201cLey\u201d), se emite el presente Aviso de Privacidad en los siguientes t\u00e9rminos:<\/p>\n\n\n\n<h3 class=\"wp-block-heading\">1. Responsable de los Datos Personales.<\/h3>\n\n\n\n<p>Para efectos del presente Aviso de Privacidad, Rayocr M\u00e9xico, S.A. de C.V. (en adelante el \u201cResponsable\u201d o \u201cRayo\u201d, indistintamente), con domicilio en Francisco Petrarca 133, interior 501, Polanco V Secci\u00f3n, Miguel Hidalgo, 11560, Ciudad de M\u00e9xico, es el responsable en los t\u00e9rminos de la Ley de la obtenci\u00f3n, divulgaci\u00f3n, almacenamiento y\/o uso, incluido acceso, manejo, aprovechamiento, transferencia o disposici\u00f3n (en adelante el \u201cTratamiento\u201d) de tus datos personales que recabe y, en general, de todos los datos personales que recabamos de nuestros clientes y usuarios (en adelante el(los) \u201cTitular(es)\u201d).<\/p>\n\n\n\n<h3 class=\"wp-block-heading\">2. Datos Personales recabados y sometidos a tratamiento.<\/h3>\n\n\n\n<p>Conforme a lo anterior, te informamos que Rayo obtendr\u00e1 tus datos personales, ya sea de forma directa o indirecta, cuando realizas una solicitud y proporcionas tus datos personales para efectos de los cr\u00e9ditos que ofrece Rayo, a trav\u00e9s de nuestras diversas p\u00e1ginas de Internet (\u201cSitios Web\u201d), Blog y\/o aplicaciones (\u201cApps\u201d) (en conjunto, Sitios Web, blog y Apps, las \u201cPlataformas\u201d), v\u00eda telef\u00f3nica, a trav\u00e9s de un tercero o cualquier otro medio personal o electr\u00f3nico.<\/p>\n\n\n\n<p>Rayo sujeta a tratamiento tus siguientes Datos Personales obtenidos a trav\u00e9s de los medios antes descritos:<\/p>\n\n\n\n<ol class=\"wp-block-list\">\n<li>Datos de identificaci\u00f3n;<\/li>\n\n\n\n<li>Datos de contacto;<\/li>\n\n\n\n<li>Datos laborales;<\/li>\n\n\n\n<li>Datos patrimoniales;<\/li>\n\n\n\n<li>Datos econ\u00f3micos\/financieros;<\/li>\n\n\n\n<li>Detalles del cr\u00e9dito; e<\/li>\n\n\n\n<li>Informaci\u00f3n de tu tel\u00e9fono m\u00f3vil y\/o apps.<\/li>\n<\/ol>\n\n\n\n<p>Estos datos podr\u00e1n ser utilizados, entre otros fines que conforme al apartado 3 siguiente se describen, para evaluar los riesgos inherentes al cr\u00e9dito que solicites, verificar tu identidad, evaluar y calificar tu capacidad crediticia y para fines estad\u00edsticos.<\/p>\n\n\n\n<p>Rayo no recaba directamente datos personales de menores de edad a trav\u00e9s de formularios, cuestionarios, ni a trav\u00e9s de su p\u00e1gina web. Asimismo, te informamos que Rayo no recaba datos sensibles para su tratamiento.<\/p>\n\n\n\n<p>Para efectos de proporcionar datos de terceros, ya sea informaci\u00f3n para el otorgamiento de los cr\u00e9ditos solicitados, o bien solicitados por terceros para el cobro del cr\u00e9dito, o solicitados por socios comerciales o cualquier otro motivo, ser\u00e1 tu entera responsabilidad notificar a los mismos sobre la transferencia de sus datos personales al responsable. En todo caso, Rayo tratar\u00e1 dicha informaci\u00f3n con base en las disposiciones de la Ley y este Aviso de Privacidad y, asimismo, en nuestra calidad de responsable y en cumplimiento con las disposiciones de la Ley, pondremos a disposici\u00f3n de dichos terceros el presente Aviso de Privacidad en el primer contacto que tengamos con los mismos.<\/p>\n\n\n\n<h3 class=\"wp-block-heading\">3. Finalidades a las que se sujetar\u00e1 el Tratamiento de Datos Personales.<\/h3>\n\n\n\n<p>Rayo hace uso de tus datos personales conforme a los siguientes fines:<\/p>\n\n\n\n<p>I. Finalidades originarias y necesarias para el otorgamiento de cr\u00e9ditos.<\/p>\n\n\n\n<ol class=\"wp-block-list\">\n<li>Identificaci\u00f3n del solicitante y\/o cliente, seg\u00fan sea el caso.<\/li>\n\n\n\n<li>Integraci\u00f3n del expediente de informaci\u00f3n de nuestro cliente.<\/li>\n\n\n\n<li>Gesti\u00f3n, control, administraci\u00f3n y procesamiento de la solicitud <a href=\"https:\/\/rayocredit.com\/mx\/prestamos-en-linea\/solicitud-de-credito\/\"  data-wpil-monitor-id=\"42\">de cr\u00e9dito<\/a> y, en su caso, el otorgamiento de este.<\/li>\n\n\n\n<li>Gesti\u00f3n, control, administraci\u00f3n, ejecuci\u00f3n y cumplimiento del contrato de cr\u00e9dito celebrado con el cliente conforme a la solicitud correspondiente.<\/li>\n\n\n\n<li>Gesti\u00f3n, control y administraci\u00f3n de la cobranza administrativa (a trav\u00e9s de cualquier medio de contacto otorgado en la solicitud), extrajudicial y, en su caso, judicial derivada de los cr\u00e9ditos proporcionados por Rayo.<\/li>\n\n\n\n<li>Investigaci\u00f3n de cambios en el perfil transaccional del cliente.<\/li>\n\n\n\n<li>Cumplimiento a obligaciones de car\u00e1cter fiscal o comercial.<\/li>\n\n\n\n<li>Atenci\u00f3n de consultas, dudas, aclaraciones o quejas del cliente.<\/li>\n\n\n\n<li>Estad\u00edstica y registro hist\u00f3rico de usuarios y clientes.<\/li>\n\n\n\n<li>Creaci\u00f3n, mantenimiento y entrenamiento de los modelos de riesgo predictivos de Rayo.<\/li>\n\n\n\n<li>Mantener la seguridad de la informaci\u00f3n y de la operaci\u00f3n.<\/li>\n\n\n\n<li>Protecci\u00f3n ante casos de robo de identidad.<\/li>\n<\/ol>\n\n\n\n<p>II. Finalidades secundarias.<\/p>\n\n\n\n<ol class=\"wp-block-list\">\n<li>Fines mercadot\u00e9cnicos, publicitarios y\/o de prospecci\u00f3n comercial.<\/li>\n\n\n\n<li>Otorgamiento de est\u00edmulos o reconocimientos a clientes, cuando participen en nuestras campa\u00f1as publicitarias, mercadol\u00f3gicas o comerciales.<\/li>\n\n\n\n<li>Uso de im\u00e1genes y testimonios de clientes y\/o usuarios para fines publicitarios y de ofertas comerciales referentes a productos y\/o servicios ofrecidos o relacionados con productos y\/o servicios contratados.<\/li>\n\n\n\n<li>Mejoras en el servicio de atenci\u00f3n y trato con el cliente.<\/li>\n\n\n\n<li>Investigaci\u00f3n de informaci\u00f3n relativa a movimientos de las cuentas sobre servicios gubernamentales, siendo de manera enunciativa m\u00e1s no limitativa: seguridad social, impuestos y ahorro para la vivienda.<\/li>\n<\/ol>\n\n\n\n<p>En caso de que no desees que se utilicen tus datos para estos fines adicionales por favor selecciona la siguiente casilla:<\/p>\n\n\n\n<p>No deseo que mis datos sean utilizados para las finalidades secundarias descritas anteriormente.<\/p>\n\n\n\n<p>Recuerda que puedes solicitar la revocaci\u00f3n de tu consentimiento en cualquier momento ingresando nuevamente a este aviso de privacidad y seleccionando la casilla correspondiente, en caso de que nos lo hayas otorgado previamente. Dicha solicitud aplica desde el momento que selecciones la casilla. Para que tu revocaci\u00f3n sea guardada correctamente, deber\u00e1s enviar una solicitud al correo&nbsp;info@rayocredit.mx&nbsp;y seguir el procedimiento descrito previamente. La negativa para el uso de tus datos personales para estas finalidades no ser\u00e1 motivo para negar el servicio.<\/p>\n\n\n\n<h3 class=\"wp-block-heading\">4. Opciones y medios que Rayo ofrece al titular para limitar el uso o divulgaci\u00f3n de sus datos personales y derechos del titular.<\/h3>\n\n\n\n<ol class=\"wp-block-list\">\n<li>Conocer, actualizar y rectificar sus datos personales. Este derecho se podr\u00e1 ejercer, entre otros frente a datos parciales, inexactos, incompletos, fraccionados, que induzcan a error, o aquellos cuyo tratamiento est\u00e9 expresamente prohibido o no haya sido autorizado.<\/li>\n\n\n\n<li>Solicitar prueba de la autorizaci\u00f3n otorgada para el tratamiento, salvo cuando expresamente se except\u00fae como requisito la solicitud de la autorizaci\u00f3n al Titular, conforme a las normas vigentes.<\/li>\n\n\n\n<li>Ser informados, previa solicitud, respecto del uso que se les ha dado a sus datos personales.<\/li>\n\n\n\n<li>Revocar la autorizaci\u00f3n y\/o solicitar la supresi\u00f3n del dato cuando en el tratamiento no se respeten los principios, derechos y garant\u00edas constitucionales y legales. Sin embargo, tal revocatoria o la eliminaci\u00f3n de la informaci\u00f3n no ser\u00e1 procedente mientras se mantenga una relaci\u00f3n de tipo comercial o legal con Rayo.<\/li>\n\n\n\n<li>Acceder en forma gratuita a los datos personales que hayan sido objeto de tratamiento una vez al mes o cada vez que existan modificaciones sustanciales a estas pol\u00edticas de tratamiento de la informaci\u00f3n personal que motiven nuevas consultas.<\/li>\n<\/ol>\n\n\n\n<h3 class=\"wp-block-heading\">5. Otros medios para recabar datos personales.<\/h3>\n\n\n\n<p>Rayo utiliza cookies, web beacons y\/o Kits de Desarrollo de Software (\u201cSDKs\u201d) para facilitar la navegaci\u00f3n en sus Plataformas.<\/p>\n\n\n\n<p>Las cookies constituyen una herramienta empleada por los servidores web para almacenar y recuperar informaci\u00f3n que se guarda en el navegador utilizado por los usuarios o visitantes del sitio web, lo que permite guardar tus preferencias personales para brindarte una mejor experiencia de navegaci\u00f3n.<\/p>\n\n\n\n<p>Las cookies tienen fecha de caducidad, que puede oscilar desde el tiempo que dura la sesi\u00f3n o visita al sitio web hasta una fecha espec\u00edfica a partir de la cual dejan de ser operativas. Las cookies empleadas en las Plataformas se asocian \u00fanicamente con un Usuario an\u00f3nimo y su equipo inform\u00e1tico, no proporcionan referencias que permitan deducir el nombre y apellidos del Usuario, no pueden leer datos de su disco duro ni incluir virus en sus textos.<\/p>\n\n\n\n<p>Puedes configurar tu navegador para aceptar o rechazar autom\u00e1ticamente todas las cookies o para recibir un aviso en pantalla sobre la recepci\u00f3n de cada cookie y decidir en ese momento su implantaci\u00f3n o no en tu disco duro. Te sugerimos consultar la secci\u00f3n de ayuda de tu navegador para saber c\u00f3mo cambiar la configuraci\u00f3n sobre aceptaci\u00f3n o rechazo de cookies. A\u00fan y cuando configures tu navegador para rechazar todas las cookies o rechaces expresamente las cookies de las Plataformas, podr\u00e1s seguir navegando por el sitio web con el \u00fanico inconveniente de no poder disfrutar de las funcionalidades del sitio que requieran la instalaci\u00f3n de alguna de ellas. En todo caso, podr\u00e1s eliminar las cookies instaladas en tu disco duro, en cualquier momento, siguiendo el procedimiento establecido en la secci\u00f3n de ayuda de tu navegador.<\/p>\n\n\n\n<p>Te confirmamos que Rayo no recaba datos personales a trav\u00e9s de estos medios, por lo que no se someten a tratamiento ni a transferencias.<\/p>\n\n\n\n<p>Asimismo, recabamos informaci\u00f3n a partir de las autorizaciones que nos otorgas cuando ingresas a tu usuario a trav\u00e9s de nuestras Apps con las \u00fanicas finalidades de mejorar tu experiencia de usuario y cumplir con lo establecido en el punto 10 de las finalidades originarias establecidas en el apartado 3 de este aviso de privacidad, que se refiere a la creaci\u00f3n, mantenimiento y entrenamiento de los modelos de riesgo predictivos de Rayo. Es de suma importancia para Rayo informarte que nunca utilizaremos la informaci\u00f3n recabada por estos medios de manera individual ni para alg\u00fan uso distinto al descrito. Rayo no puede revocar dichas autorizaciones ya que esto debe modificarse desde el tel\u00e9fono m\u00f3vil desde el cual fueron otorgadas; por lo que t\u00fa puedes revocarlas en cualquier momento ingresando a la configuraci\u00f3n de tu tel\u00e9fono m\u00f3vil.<\/p>\n\n\n\n<p>Es importante que sepas que puedes comunicarte en todo momento con nosotros a trav\u00e9s de los medios de contacto que ponemos a tu disposici\u00f3n en el sitio web https:\/\/rayocredit.com\/mx\/&nbsp;o al correo&nbsp;info@rayocredit.mx&nbsp;y con gusto te brindaremos asesor\u00eda sobre el procedimiento para revocar dichos consentimientos desde tu dispositivo.<\/p>\n\n\n\n<h3 class=\"wp-block-heading\">6. Medios para el ejercicio de derechos arco del titular.<\/h3>\n\n\n\n<p>Con el objeto de proteger los datos personales, la privacidad y confianza de nuestros clientes y usuarios, ponemos a tu disposici\u00f3n el correo de&nbsp;info@rayocredit.mx&nbsp;en donde como titular, en cualquier momento puedes limitar el uso o divulgaci\u00f3n de tus datos personales, as\u00ed como negar o revocar la autorizaci\u00f3n para su tratamiento, mediante el ejercicio de los derechos de acceso, rectificaci\u00f3n, cancelaci\u00f3n u oposici\u00f3n que la Ley preve\u00e9.<\/p>\n\n\n\n<p>Podr\u00e1s dirigir tu solicitud a trav\u00e9s de:<\/p>\n\n\n\n<ol class=\"wp-block-list\">\n<li>El correo electr\u00f3nico&nbsp;info@rayocredit.mx&nbsp;cumpliendo con todos los requisitos se\u00f1alados en la solicitud de Derechos ARCO disponible en la p\u00e1gina web de Rayo,&nbsp;<a href=\"https:\/\/rayocredit.com\/mx\/\">https:\/\/rayocredit.com\/mx\/<\/a>&nbsp;en el apartado de Derechos ARCO.<\/li>\n\n\n\n<li>Mediante escrito dirigido a nuestro equipo de Legal y Compliance, con domicilio en Av. Am\u00e9ricas 1297, Piso 03-15, Col. Circunvalaci\u00f3n Am\u00e9ricas, Guadalajara, Jalisco, M\u00e9xico. C.P. 44630, acompa\u00f1ado del formato disponible conforme a lo establecido en el punto a) anterior y copia de tu identificaci\u00f3n oficial.<\/li>\n<\/ol>\n\n\n\n<p>Rayo te comunicar\u00e1, en un plazo m\u00e1ximo de veinte d\u00edas h\u00e1biles, contados desde la fecha en que recibamos la solicitud correspondiente, la determinaci\u00f3n adoptada. Si la solicitud resulta procedente, esta se har\u00e1\u0301 efectiva dentro de los quince d\u00edas h\u00e1biles siguientes a la fecha en que Rayo comunique la respuesta.<\/p>\n\n\n\n<p>En caso de que la informaci\u00f3n proporcionada en tu solicitud sea err\u00f3nea o insuficiente, o no se acompa\u00f1en los documentos necesarios para acreditar tu identidad o la representaci\u00f3n legal correspondiente, o cualquier otro que sea necesario para ejercer tus derechos; dentro de los cinco d\u00edas h\u00e1biles siguientes a la recepci\u00f3n de tu solicitud, requeriremos la subsanaci\u00f3n de las deficiencias para poder dar tr\u00e1mite a la misma. En estos casos, contar\u00e1s con diez d\u00edas h\u00e1biles para atender el requerimiento de subsanaci\u00f3n, contados a partir del d\u00eda siguiente en que lo hayas recibido. La solicitud correspondiente se tendr\u00e1\u0301 por no presentada si no respondes dentro de dicho plazo.<\/p>\n\n\n\n<p>En el supuesto de que tuvieras un pr\u00e9stamo activo (vencido o por vencer) con nosotros, Rayo no podr\u00e1 hacer modificaciones a tus datos personales. Para lograr esto, ser\u00e1 necesario que primero pagues tu pr\u00e9stamo y una vez liquidado, sigas el proceso descrito anteriormente.<\/p>\n\n\n\n<p>Recuerda que, en caso de insatisfacci\u00f3n o incumplimiento de parte nuestra, podr\u00e1s acudir ante el Instituto Nacional de Transparencia, Acceso a la Informaci\u00f3n y Protecci\u00f3n de Datos Personales (INAI) para solicitar el inicio del procedimiento de protecci\u00f3n de derechos.<\/p>\n\n\n\n<p>Como titular, ser\u00e1s responsable de mantener actualizados tus datos personales en posesi\u00f3n de Rayo. Por lo anterior, garantizas y respondes, en cualquier caso, de la veracidad, exactitud, vigencia y autenticidad de los datos personales facilitados a Rayo, y te comprometes a mantenerlos debidamente actualizados, comunicando cualquier cambio al responsable.<\/p>\n\n\n\n<h3 class=\"wp-block-heading\">7. Transferencia de Datos Personales.<\/h3>\n\n\n\n<p>Rayo podr\u00e1 realizar la transferencia y\/o remisi\u00f3n de datos a:<\/p>\n\n\n\n<ol class=\"wp-block-list\">\n<li>Sociedades controladoras, subsidiarias o afiliadas a Rayo o a una sociedad matriz.<\/li>\n\n\n\n<li>Terceros no afiliados (prestadores de servicios).<\/li>\n\n\n\n<li>Autoridades administrativas, judiciales o gubernamentales, as\u00ed\u0301 como a Sociedades de Informaci\u00f3n Crediticia.<\/li>\n\n\n\n<li>Terceros subcontratados.<\/li>\n\n\n\n<li>Proveedores de manejo de riesgo, seguridad de la informaci\u00f3n y\/o software especializado.<\/li>\n\n\n\n<li>Socios comerciales.<\/li>\n\n\n\n<li>Afiliados comerciales.<\/li>\n<\/ol>\n\n\n\n<p>Para diferentes fines como:<\/p>\n\n\n\n<ol class=\"wp-block-list\">\n<li>Resguardo, control, an\u00e1lisis estad\u00edstico, evaluaci\u00f3n, mejora y dise\u00f1o de nuevos productos.<\/li>\n\n\n\n<li>Asistencia en la ejecuci\u00f3n de los servicios relacionados con tu cr\u00e9dito.<\/li>\n\n\n\n<li>Por mandato judicial o administrativo o cuando una ley lo determine.<\/li>\n\n\n\n<li>Procesar informaci\u00f3n por cuenta de Rayo y bajo instrucciones de \u00e9ste.<\/li>\n\n\n\n<li>Para la prevenci\u00f3n de <a href=\"https:\/\/rayocredit.com\/mx\/noticias\/evitar-fraude-al-solicitar-prestamos-en-linea\/\"  data-wpil-monitor-id=\"17\">fraude<\/a>.<\/li>\n\n\n\n<li>Para la adquisici\u00f3n de productos o servicios obtenidos a trav\u00e9s de cr\u00e9ditos Rayo.<\/li>\n<\/ol>\n\n\n\n<p>Los terceros y las entidades receptoras de datos personales asumen las mismas obligaciones y\/o responsabilidades de Rayo, de conformidad con lo descrito en el presente Aviso de Privacidad.<\/p>\n\n\n\n<p>Te informamos que tus datos personales podr\u00e1n ser transferidos y tratados por personas distintas a Rayo, en M\u00e9xico o en el extranjero cuando se trate de:<\/p>\n\n\n\n<ol class=\"wp-block-list\">\n<li>Cualquier prospecto, comprador potencial o adquirente de Rayo o de cualesquiera de sus activos, incluyendo su cartera de cr\u00e9dito, otorgarle financiamiento, adquirir las acciones o activos de Rayo o sus accionistas o filiales en M\u00e9xico;<\/li>\n\n\n\n<li>Cualquier autoridad o auditor interno y externo cuando as\u00ed lo requieran para llevar a cabo la auditor\u00eda correspondiente;<\/li>\n\n\n\n<li>Cualquier proveedor o prestador de servicios de cobranza, an\u00e1lisis de riesgo crediticio y otros que Rayo considere necesario contratar.<\/li>\n\n\n\n<li>Para fines publicitarios.<\/li>\n<\/ol>\n\n\n\n<p>Para la transferencia indicada con asterisco (*) requerimos tu consentimiento, el cual nos est\u00e1s otorgando al aceptar este aviso de privacidad.<\/p>\n\n\n\n<p>En caso de que no desees que tus datos sean transferidos a afiliados comerciales, por favor selecciona la siguiente casilla:<\/p>\n\n\n\n<p>En todo caso, el t\u00e9rmino m\u00e1ximo para atender el reclamo ser\u00e1 de quince (15) d\u00edas h\u00e1biles contados a partir del d\u00eda siguiente a la fecha de su recibo. Cuando no fuere posible atender el reclamo dentro de dicho t\u00e9rmino, se informar\u00e1 al interesado los motivos de la demora y la fecha en que se atender\u00e1 su reclamo, la cual en ning\u00fan caso podr\u00e1 superar los ocho (8) d\u00edas h\u00e1biles siguientes al vencimiento del primer t\u00e9rmino.<\/p>\n\n\n\n<p>____ No deseo que mis datos sean transferidos para fines publicitarios.<\/p>\n\n\n\n<p>Recuerda que puedes solicitar la revocaci\u00f3n de tu consentimiento en cualquier momento ingresando nuevamente a este aviso de privacidad y seleccionando la casilla anterior en caso de que nos lo hayas otorgado previamente. Dicha solicitud aplica desde el momento que selecciones la casilla. Para que tu revocaci\u00f3n sea guardada correctamente, deber\u00e1s enviar una solicitud al correo&nbsp;info@rayocredit.mx&nbsp;y seguir el procedimiento descrito previamente. La negativa respecto a la transferencia de tus datos personales para estas finalidades no ser\u00e1\u0301 motivo para negarte el servicio.<\/p>\n\n\n\n<p>Asimismo, hacemos de tu consentimiento que podremos transferir tus datos sin necesidad de tu autorizaci\u00f3n previa en cualquiera de los supuestos considerado en el art\u00edculo 37 de la LFPDPPP.<\/p>\n\n\n\n<h3 class=\"wp-block-heading\">8. Renovaci\u00f3n del Consentimiento.<\/h3>\n\n\n\n<p>En cualquier momento, podr\u00e1s revocar tu consentimiento para el tratamiento de tus datos personales, siempre y cuando, dicha revocaci\u00f3n sea leg\u00edtima y no suponga la imposibilidad de cumplir obligaciones derivadas de una relaci\u00f3n contractual vigente entre Rayo y t\u00fa, o no sea posible en virtud de un mandato legal o judicial.<\/p>\n\n\n\n<p>Puedes solicitar la revocaci\u00f3n de tu consentimiento, iniciando sesi\u00f3n en https:\/\/rayocredit.com\/mx\/ &nbsp;seleccionando las casillas deseadas. La negativa respecto al tratamiento de tus datos personales para estas finalidades y\/o transferencias, no vulnerar\u00e1 tu relaci\u00f3n contractual con Rayo.<\/p>\n\n\n\n<h3 class=\"wp-block-heading\">9. Cambios al Aviso de Privacidad.<\/h3>\n\n\n\n<p>Cualquier actualizaci\u00f3n, modificaci\u00f3n o cambio al presente aviso de privacidad, que se realice atendiendo a novedades legislativas y\/o modificaciones en las pol\u00edticas internas de Rayo, ser\u00e1 publicado en el sitio webhttps:\/\/rayocredit.com\/mx\/<\/p>\n\n\n\n<p>Sin embargo, cuando el contenido del presente Aviso de Privacidad cambie sustancialmente; por ejemplo, si las finalidades para las cuales fueron recabados los datos personales cambiaran, te ser\u00e1 informado y requeriremos nuevamente de tu consentimiento para continuar tratando tus datos personales.<\/p>\n\n\n\n<h3 class=\"wp-block-heading\">10. Pol\u00edticas de Seguridad<\/h3>\n\n\n\n<p>Rayo protege tus datos personales usando el est\u00e1ndar de la industria en materia de encriptaci\u00f3n, de esta forma garantizamos que los datos que se env\u00edan desde la p\u00e1gina de Internet lleguen seguros a nuestros servidores. Almacenamos y procesamos tu informaci\u00f3n manteniendo siempre medidas de seguridad orientadas a proteger tus datos personales.<\/p>\n\n\n\n<p>En Rayo contamos con procedimientos que dictan qui\u00e9n y bajo qu\u00e9 condiciones se puede tener acceso a los datos, dando siempre la m\u00e1xima prioridad a la protecci\u00f3n de tu privacidad. Asimismo, asumimos medidas de seguridad f\u00edsicas para prevenir el acceso no autorizado a nuestros sistemas e instalaciones.<\/p>\n\n\n\n<h3 class=\"wp-block-heading\">11. Avisos Legales.<\/h3>\n\n\n\n<p>Por este medio declaras y te obligas a que tus conductas se ajusten a la ley, implementando toda medida que evite que sus operaciones con RAYO sean con o sin su consentimiento y conocimiento como instrumento para el ocultamiento, manejo, defraudaci\u00f3n o aprovechamiento en cualquier forma de la identidad.<\/p>\n\n\n\n<p>Usted ser\u00e1 responsable frente a RAYO por todos los perjuicios que se causaren como consecuencia de incumplir las declaraciones y obligaci\u00f3n anteriores. Dicha responsabilidad se extender\u00e1 a terceros.<\/p>\n\n\n\n<p>Al acceder a la p\u00e1gina web www.rayocredit.mx declaras que eres mayor de edad y dispones de la capacidad necesaria para contratar con Rayo, manifiestas que entiendes y aceptas en totalidad las condiciones aqu\u00ed enunciadas para utilizaci\u00f3n de la p\u00e1gina web y la contrataci\u00f3n con Rayo.<\/p>\n\n\n\n<p>En este acto aceptas que el acceso a la p\u00e1gina web, as\u00ed como el uso que pueda hacer de los servicios e informaci\u00f3n contenida en la misma, son de exclusiva responsabilidad del Titular.<\/p>\n\n\n\n<p>Rayo no ser\u00e1 responsable por los errores que llegase a presentar la informaci\u00f3n que no sea de su autor\u00eda. Rayo tampoco ser\u00e1 responsable de los da\u00f1os o perjuicios que se puedan llegar a ocasionar como resultado del uso de dicha informaci\u00f3n.<\/p>\n\n\n\n<p>Rayo podr\u00e1 guardar registros f\u00edsicos o magn\u00e9ticos con el fin de comprobar la identidad y la veracidad de los datos indicados por el Titular.<\/p>\n\n\n\n<p>Rayo presumir\u00e1 que, si el Titular est\u00e1 actuando a nombre una persona jur\u00eddica con o sin \u00e1nimo de lucro, es porque est\u00e1 en la total capacidad y autorizaci\u00f3n de hacerlo.<\/p>\n\n\n\n<h3 class=\"wp-block-heading\">12. Consentimiento del Titular.<\/h3>\n\n\n\n<p>Con la lectura y aceptaci\u00f3n del presente Aviso de Privacidad cada vez que ingresas a tu perfil de usuario por cualquiera de los medios disponibles para ello, manifiestas expresamente que: (i) el presente Aviso de Privacidad te ha sido dado a conocer por Rayo y (ii) has le\u00eddo y entendido en su totalidad los t\u00e9rminos y alcances expuestos, por lo que expresamente otorgas tu consentimiento para el tratamiento de tus datos personales en los t\u00e9rminos del mismo.<\/p>\n\n\n\n<h3 class=\"wp-block-heading\">13. Medios electr\u00f3nicos.<\/h3>\n\n\n\n<p>Las partes acuerdan que el cliente podr\u00e1 expresar su consentimiento respecto al presente (Contrato\/T\u00e9rminos y condiciones, convenio, etc.), As\u00ed como ten<\/p>\n","protected":false},"excerpt":{"rendered":"<p>Aviso de Privacidad Integral para clientes y usuarios de Rayocr M\u00e9xico, S.A. de C.V. En virtud de lo dispuesto por la Ley Federal de Protecci\u00f3n de Datos Personales en Posesi\u00f3n de Particulares (LFPDPPP), su Reglamento, los Lineamientos del Aviso de Privacidad y las dem\u00e1s Disposiciones aplicables (en adelante denominados conjuntamente como la \u201cLey\u201d), se emite [&hellip;]<\/p>\n","protected":false},"author":1,"featured_media":0,"parent":0,"menu_order":0,"comment_status":"closed","ping_status":"open","template":"","meta":{"_acf_changed":false,"footnotes":""},"class_list":["post-3","page","type-page","status-publish","hentry"],"acf":[],"_links":{"self":[{"href":"https:\/\/rayocredit.com\/mx\/wp-json\/wp\/v2\/pages\/3","targetHints":{"allow":["GET"]}}],"collection":[{"href":"https:\/\/rayocredit.com\/mx\/wp-json\/wp\/v2\/pages"}],"about":[{"href":"https:\/\/rayocredit.com\/mx\/wp-json\/wp\/v2\/types\/page"}],"author":[{"embeddable":true,"href":"https:\/\/rayocredit.com\/mx\/wp-json\/wp\/v2\/users\/1"}],"replies":[{"embeddable":true,"href":"https:\/\/rayocredit.com\/mx\/wp-json\/wp\/v2\/comments?post=3"}],"version-history":[{"count":0,"href":"https:\/\/rayocredit.com\/mx\/wp-json\/wp\/v2\/pages\/3\/revisions"}],"wp:attachment":[{"href":"https:\/\/rayocredit.com\/mx\/wp-json\/wp\/v2\/media?parent=3"}],"curies":[{"name":"wp","href":"https:\/\/api.w.org\/{rel}","templated":true}]}}